{"id":2704,"date":"2023-11-09T13:03:17","date_gmt":"2023-11-09T13:03:17","guid":{"rendered":"https:\/\/web-app.servisenergo.cz\/?page_id=2704"},"modified":"2024-12-03T16:40:51","modified_gmt":"2024-12-03T16:40:51","slug":"historie","status":"publish","type":"page","link":"https:\/\/web-app.servisenergo.cz\/?page_id=2704","title":{"rendered":"Z\u00e1zem\u00ed"},"content":{"rendered":"<p>Od roku 2007 s\u00eddl\u00ed na\u0161e spole\u010dnost v are\u00e1lu \u0160kodov\u00fdch z\u00e1vod\u016f:<\/p>\n<ul>\n<li>Tylova 57a, budova \u010d.13, Plze\u0148 301 00<\/li>\n<li>b\u00fdval\u00e9 s\u00eddlo 1. elektr\u00e1rny \u0160kodov\u00fdch z\u00e1vod\u016f tzv. EL\u00da I<\/li>\n<\/ul>\n","protected":false},"excerpt":{"rendered":"<p>Od roku 2007 s\u00eddl\u00ed na\u0161e spole\u010dnost v are\u00e1lu \u0160kodov\u00fdch z\u00e1vod\u016f: Tylova 57a, budova \u010d.13, Plze\u0148 301 00 b\u00fdval\u00e9 s\u00eddlo 1.<\/p>\n","protected":false},"author":2,"featured_media":0,"parent":0,"menu_order":0,"comment_status":"closed","ping_status":"closed","template":"full-width.php","meta":{"_acf_changed":false,"footnotes":""},"class_list":["post-2704","page","type-page","status-publish","hentry"],"acf":[],"_links":{"self":[{"href":"https:\/\/web-app.servisenergo.cz\/index.php?rest_route=\/wp\/v2\/pages\/2704","targetHints":{"allow":["GET"]}}],"collection":[{"href":"https:\/\/web-app.servisenergo.cz\/index.php?rest_route=\/wp\/v2\/pages"}],"about":[{"href":"https:\/\/web-app.servisenergo.cz\/index.php?rest_route=\/wp\/v2\/types\/page"}],"author":[{"embeddable":true,"href":"https:\/\/web-app.servisenergo.cz\/index.php?rest_route=\/wp\/v2\/users\/2"}],"replies":[{"embeddable":true,"href":"https:\/\/web-app.servisenergo.cz\/index.php?rest_route=%2Fwp%2Fv2%2Fcomments&post=2704"}],"version-history":[{"count":12,"href":"https:\/\/web-app.servisenergo.cz\/index.php?rest_route=\/wp\/v2\/pages\/2704\/revisions"}],"predecessor-version":[{"id":2825,"href":"https:\/\/web-app.servisenergo.cz\/index.php?rest_route=\/wp\/v2\/pages\/2704\/revisions\/2825"}],"wp:attachment":[{"href":"https:\/\/web-app.servisenergo.cz\/index.php?rest_route=%2Fwp%2Fv2%2Fmedia&parent=2704"}],"curies":[{"name":"wp","href":"https:\/\/api.w.org\/{rel}","templated":true}]}}