{"id":2648,"date":"2023-10-11T14:55:39","date_gmt":"2023-10-11T14:55:39","guid":{"rendered":"https:\/\/web-app.servisenergo.cz\/?page_id=2648"},"modified":"2024-06-19T06:31:53","modified_gmt":"2024-06-19T06:31:53","slug":"diagnostika-a-poradenstvi","status":"publish","type":"page","link":"https:\/\/web-app.servisenergo.cz\/?page_id=2648","title":{"rendered":"Diagnostika a poradenstv\u00ed"},"content":{"rendered":"<ul>\n<li>izola\u010dn\u00ed odpor a jeho nap\u011b\u0165ov\u00e1 z\u00e1vislost<\/li>\n<li>magnetiza\u010dn\u00ed zkou\u0161ka (silov\u00e1, ELCID)<\/li>\n<li>zkou\u0161ky zv\u00fd\u0161en\u00fdm nap\u011bt\u00edm (DC do 150 kV; AC 12 kV \/ 50 Hz; AC 35 kV \/ 0,1 Hz)<\/li>\n<li>zkou\u0161ky nap\u011bt\u00edm s\u00a0vysokou frekvenc\u00ed (500 a 2000 Hz)<\/li>\n<li>tg\u03b4 a \u010d\u00e1ste\u010dn\u00e9 v\u00fdboje (50 Hz, VLF 0,1 Hz)<\/li>\n<li>vibra\u010dn\u00ed a provozn\u00ed diagnostika (4 a\u017e 16 kan\u00e1l\u016f)<\/li>\n<li>provozn\u00ed vyva\u017eov\u00e1n\u00ed gener\u00e1tor\u016f<\/li>\n<li>termovizn\u00ed m\u011b\u0159en\u00ed, kontrola \u010didel el. stroj\u016f<\/li>\n<li>m\u011b\u0159en\u00ed posuv\u016f, indikace soustroj\u00ed (8 m\u011b\u0159\u00edc\u00edch m\u00edst; 0 a\u017e 10 mm v\u00a0rozli\u0161en\u00ed 0,01 \u00b5m)<\/li>\n<li>z\u00e1znam posuv\u016f a teplot dataloggerem (a\u017e 20 samostatn\u00fdch kan\u00e1l\u016f)<\/li>\n<li>kontrola meziz\u00e1vitov\u00fdch zkrat\u016f za provozu stroje turbo i hydrogener\u00e1tor\u016f<\/li>\n<\/ul>\n","protected":false},"excerpt":{"rendered":"<p>izola\u010dn\u00ed odpor a jeho nap\u011b\u0165ov\u00e1 z\u00e1vislost magnetiza\u010dn\u00ed zkou\u0161ka (silov\u00e1, ELCID) zkou\u0161ky zv\u00fd\u0161en\u00fdm nap\u011bt\u00edm (DC do 150 kV; AC 12 kV<\/p>\n","protected":false},"author":2,"featured_media":0,"parent":0,"menu_order":0,"comment_status":"closed","ping_status":"closed","template":"full-width.php","meta":{"_acf_changed":false,"footnotes":""},"class_list":["post-2648","page","type-page","status-publish","hentry"],"acf":[],"_links":{"self":[{"href":"https:\/\/web-app.servisenergo.cz\/index.php?rest_route=\/wp\/v2\/pages\/2648","targetHints":{"allow":["GET"]}}],"collection":[{"href":"https:\/\/web-app.servisenergo.cz\/index.php?rest_route=\/wp\/v2\/pages"}],"about":[{"href":"https:\/\/web-app.servisenergo.cz\/index.php?rest_route=\/wp\/v2\/types\/page"}],"author":[{"embeddable":true,"href":"https:\/\/web-app.servisenergo.cz\/index.php?rest_route=\/wp\/v2\/users\/2"}],"replies":[{"embeddable":true,"href":"https:\/\/web-app.servisenergo.cz\/index.php?rest_route=%2Fwp%2Fv2%2Fcomments&post=2648"}],"version-history":[{"count":2,"href":"https:\/\/web-app.servisenergo.cz\/index.php?rest_route=\/wp\/v2\/pages\/2648\/revisions"}],"predecessor-version":[{"id":2774,"href":"https:\/\/web-app.servisenergo.cz\/index.php?rest_route=\/wp\/v2\/pages\/2648\/revisions\/2774"}],"wp:attachment":[{"href":"https:\/\/web-app.servisenergo.cz\/index.php?rest_route=%2Fwp%2Fv2%2Fmedia&parent=2648"}],"curies":[{"name":"wp","href":"https:\/\/api.w.org\/{rel}","templated":true}]}}