{"id":2638,"date":"2023-10-11T14:44:09","date_gmt":"2023-10-11T14:44:09","guid":{"rendered":"https:\/\/web-app.servisenergo.cz\/?page_id=2638"},"modified":"2023-10-11T14:44:29","modified_gmt":"2023-10-11T14:44:29","slug":"navrh-a-vyroba-prislusenstvi-generatoru","status":"publish","type":"page","link":"https:\/\/web-app.servisenergo.cz\/?page_id=2638","title":{"rendered":"N\u00e1vrh a v\u00fdroba p\u0159\u00edslu\u0161enstv\u00ed gener\u00e1tor\u016f"},"content":{"rendered":"","protected":false},"excerpt":{"rendered":"","protected":false},"author":2,"featured_media":0,"parent":0,"menu_order":0,"comment_status":"closed","ping_status":"closed","template":"","meta":{"_acf_changed":false,"footnotes":""},"class_list":["post-2638","page","type-page","status-publish","hentry"],"acf":[],"_links":{"self":[{"href":"https:\/\/web-app.servisenergo.cz\/index.php?rest_route=\/wp\/v2\/pages\/2638","targetHints":{"allow":["GET"]}}],"collection":[{"href":"https:\/\/web-app.servisenergo.cz\/index.php?rest_route=\/wp\/v2\/pages"}],"about":[{"href":"https:\/\/web-app.servisenergo.cz\/index.php?rest_route=\/wp\/v2\/types\/page"}],"author":[{"embeddable":true,"href":"https:\/\/web-app.servisenergo.cz\/index.php?rest_route=\/wp\/v2\/users\/2"}],"replies":[{"embeddable":true,"href":"https:\/\/web-app.servisenergo.cz\/index.php?rest_route=%2Fwp%2Fv2%2Fcomments&post=2638"}],"version-history":[{"count":1,"href":"https:\/\/web-app.servisenergo.cz\/index.php?rest_route=\/wp\/v2\/pages\/2638\/revisions"}],"predecessor-version":[{"id":2639,"href":"https:\/\/web-app.servisenergo.cz\/index.php?rest_route=\/wp\/v2\/pages\/2638\/revisions\/2639"}],"wp:attachment":[{"href":"https:\/\/web-app.servisenergo.cz\/index.php?rest_route=%2Fwp%2Fv2%2Fmedia&parent=2638"}],"curies":[{"name":"wp","href":"https:\/\/api.w.org\/{rel}","templated":true}]}}