{"id":2636,"date":"2023-10-11T14:43:39","date_gmt":"2023-10-11T14:43:39","guid":{"rendered":"https:\/\/web-app.servisenergo.cz\/?page_id=2636"},"modified":"2024-06-03T14:59:31","modified_gmt":"2024-06-03T14:59:31","slug":"servis-turbo-a-hydro-generatoru","status":"publish","type":"page","link":"https:\/\/web-app.servisenergo.cz\/?page_id=2636","title":{"rendered":"Servis turbo a hydro gener\u00e1tor\u016f"},"content":{"rendered":"<p>Ji\u017e 30 let prov\u00e1d\u00edme opravy a revize stator\u016f gener\u00e1tor\u016f v\u0161ech v\u00fdkon\u016f a typ\u016f v\u010detn\u011b jejich p\u0159\u00edslu\u0161enstv\u00ed, tj. olejov\u00e9ho, vodn\u00edho a vod\u00edkov\u00e9ho hospod\u00e1\u0159stv\u00ed. Pro tyto opravy zpracov\u00e1v\u00e1 vlastn\u00ed projektovou dokumentaci a technologickou p\u0159\u00edpravu. V\u00fdznamnou specializac\u00ed jsou i opravy elektrick\u00e9 \u010d\u00e1sti, tj. nav\u00edje\u010dsk\u00e9 pr\u00e1ce, oprava a renovace pr\u016fchodek a souvisej\u00edc\u00ed mont\u00e1\u017en\u00ed pr\u00e1ce. Dod\u00e1v\u00e1 ve\u0161ker\u00e9 n\u00e1hradn\u00ed d\u00edly &#8211; od t\u011bsn\u011bn\u00ed p\u0159es statorov\u00e9 kl\u00edny a podlo\u017eky, ucp\u00e1vkov\u00e9 krou\u017eky a\u017e k dod\u00e1vk\u00e1m nov\u00e9ho vinut\u00ed nebo cel\u00e9ho magnetick\u00e9ho obvodu. B\u011bhem sv\u00e9ho p\u016fsoben\u00ed v oboru oprav a \u00fadr\u017eby gener\u00e1tor\u016f firma <strong>1.SERVIS-ENERGO, s.r.o.<\/strong>\u00a0p\u0159ekro\u010dila hranice \u010cesk\u00e9 republiky a nav\u00e1zala \u0159adu kontakt\u016f doma i ve sv\u011bt\u011b. Krom\u011b elektr\u00e1rensk\u00fdch a tepl\u00e1rensk\u00fdch spole\u010dnost\u00ed nab\u00edz\u00ed firma\u00a0<strong>1.SERVIS-ENERGO, s.r.o.<\/strong>\u00a0sv\u00e9 slu\u017eby v\u00fdznamn\u00fdm stroj\u00edrensk\u00fdm, in\u017een\u00fdrsk\u00fdm a dodavatelsk\u00fdm firm\u00e1m jako jsou\u00a0<strong>\u0160KODA POWER<\/strong>,\u00a0<strong>Siemens<\/strong>,\u00a0<strong>\u0160koda Praha<\/strong>,\u00a0<strong>Brush SEM<\/strong>,\u00a0<strong>VA TECH<\/strong>,\u00a0<strong>\u010cKD Blansko<\/strong>\u00a0a dal\u0161\u00ed. Z\u00fa\u010dastnila se \u0159ady projekt\u016f a spolupracovala na komplexn\u00edch dod\u00e1vk\u00e1ch energetick\u00fdch celk\u016f, strojoven nebo p\u0159i jejich rekonstrukc\u00edch a oprav\u00e1ch i na tak vzd\u00e1len\u00fdch m\u00edstech, jako je nap\u0159. Chile, Braz\u00edlie nebo Indie a Banglad\u00e9\u0161. Pracovn\u00edci\u00a0<strong>1.SERVIS-ENERGO, s.r.o.<\/strong> se d\u00e1le pod\u00edleli na oprav\u00e1ch a v\u00fdstavb\u011b elektr\u00e1ren, nap\u0159. v Ir\u00e1nu, P\u00e1kist\u00e1nu, Kub\u011b, Maroku, Jord\u00e1nsku, S\u00fdrii, Egypt\u011b. V Evrop\u011b pak v N\u011bmecku, \u0160pan\u011blsku, D\u00e1nsku, Finsku, \u0160v\u00e9dsku, Alb\u00e1nii, Ma\u010farsku a zejm\u00e9na na Slovensku. Tam nav\u00e1zala firma \u0159adu kontakt\u016f s lidmi, kter\u00fdch si v\u00e1\u017e\u00ed nejen jako dobr\u00fdch odborn\u00edk\u016f, ale tak\u00e9 jako dobr\u00fdch p\u0159\u00e1tel.<\/p>\n","protected":false},"excerpt":{"rendered":"<p>Ji\u017e 30 let prov\u00e1d\u00edme opravy a revize stator\u016f gener\u00e1tor\u016f v\u0161ech v\u00fdkon\u016f a typ\u016f v\u010detn\u011b jejich p\u0159\u00edslu\u0161enstv\u00ed, tj. olejov\u00e9ho, vodn\u00edho a<\/p>\n","protected":false},"author":2,"featured_media":0,"parent":0,"menu_order":0,"comment_status":"closed","ping_status":"closed","template":"full-width.php","meta":{"_acf_changed":false,"footnotes":""},"class_list":["post-2636","page","type-page","status-publish","hentry"],"acf":[],"_links":{"self":[{"href":"https:\/\/web-app.servisenergo.cz\/index.php?rest_route=\/wp\/v2\/pages\/2636","targetHints":{"allow":["GET"]}}],"collection":[{"href":"https:\/\/web-app.servisenergo.cz\/index.php?rest_route=\/wp\/v2\/pages"}],"about":[{"href":"https:\/\/web-app.servisenergo.cz\/index.php?rest_route=\/wp\/v2\/types\/page"}],"author":[{"embeddable":true,"href":"https:\/\/web-app.servisenergo.cz\/index.php?rest_route=\/wp\/v2\/users\/2"}],"replies":[{"embeddable":true,"href":"https:\/\/web-app.servisenergo.cz\/index.php?rest_route=%2Fwp%2Fv2%2Fcomments&post=2636"}],"version-history":[{"count":3,"href":"https:\/\/web-app.servisenergo.cz\/index.php?rest_route=\/wp\/v2\/pages\/2636\/revisions"}],"predecessor-version":[{"id":2802,"href":"https:\/\/web-app.servisenergo.cz\/index.php?rest_route=\/wp\/v2\/pages\/2636\/revisions\/2802"}],"wp:attachment":[{"href":"https:\/\/web-app.servisenergo.cz\/index.php?rest_route=%2Fwp%2Fv2%2Fmedia&parent=2636"}],"curies":[{"name":"wp","href":"https:\/\/api.w.org\/{rel}","templated":true}]}}