{"id":2632,"date":"2023-10-11T14:37:03","date_gmt":"2023-10-11T14:37:03","guid":{"rendered":"https:\/\/web-app.servisenergo.cz\/?page_id=2632"},"modified":"2025-02-13T16:38:47","modified_gmt":"2025-02-13T16:38:47","slug":"pracovni-prilezitosti","status":"publish","type":"page","link":"https:\/\/web-app.servisenergo.cz\/?page_id=2632","title":{"rendered":"Pracovn\u00ed p\u0159\u00edle\u017eitosti"},"content":{"rendered":"<p>&#8222;Pr\u00e1ce na gener\u00e1torech je n\u011bco mezi v\u011bdou a um\u011bn\u00edm.&#8220; &#8211; Pavel Nov\u00e1k<\/p>\n<p>V sou\u010dasn\u00e9 dob\u011b hled\u00e1me do na\u0161eho t\u00fdmu kolegu\/kolegyni na pozici konstrukt\u00e9r\/ka &#8211; technolog.<\/p>\n<p>D\u00e1le uv\u00edt\u00e1me pracovn\u00edky pro d\u00edlenskou mont\u00e1\u017e, strojn\u00ed obr\u00e1b\u011bn\u00ed na klasick\u00fdch stroj\u00edch. M\u00e1me z\u00e1jem o dlouhodob\u00fd, trval\u00fd pracovn\u00ed pom\u011br. Zmi\u0148ovan\u00e9 pozice zam\u011bstnanc\u016f svou odbornost\u00ed vy\u017eaduj\u00ed del\u0161\u00ed p\u0159\u00edpravu a umo\u017e\u0148uj\u00ed profesn\u00ed r\u016fst v oboru na \u00farove\u0148 samostatn\u00e9ho \u0161\u00e9fmont\u00e9ra nebo technika. V r\u00e1mci pracovn\u00edho za\u0159azen\u00ed je pot\u0159eba absolvovat nutn\u00e1 \u0161kolen\u00ed, bezpe\u010dnostn\u00ed prov\u011brky a v p\u0159\u00edpad\u011b pr\u00e1ce na jadern\u00fdch elektr\u00e1rn\u00e1ch i pot\u0159ebn\u00e9 psychotesty.<\/p>\n<p style=\"text-align: left;\">Hlavn\u00edm z\u00e1m\u011brem spole\u010dnosti je soust\u0159edit zku\u0161en\u00e9 pracovn\u00edky v oboru elektro. Postupn\u011b se vytvo\u0159il tak velmi dobr\u00fd t\u00fdm pracovn\u00edk\u016f v profes\u00edch mont\u00e9r to\u010div\u00fdch stroj\u016f, nav\u00edje\u010d a z\u00e1me\u010dn\u00edk. Technick\u00e9 z\u00e1zem\u00ed poskytuje t\u00fdm odborn\u00edk\u016f z konstrukce a technologie oprav v oboru oprav\u00e1renstv\u00ed to\u010div\u00fdch elektrick\u00fdch stroj\u016f. Na\u0161i pracovn\u00edci jsou autory mnoha technologick\u00fdch zlep\u0161en\u00ed a p\u011bti patent\u016f v oblasti mont\u00e1\u017e\u00ed, reviz\u00ed a oprav rotor\u016f i stator\u016f gener\u00e1tor\u016f v\u0161ech v\u00fdkon\u016f, kter\u00e9 v\u00fdrazn\u011b ovliv\u0148uj\u00ed kvalitu, rychlost ale i cenu proveden\u00fdch prac\u00ed. V\u011bt\u0161ina pracovn\u00edk\u016f m\u00e1 dlouholet\u00e9 zku\u0161enosti v oboru a s vyu\u017eit\u00edm modern\u00edch technologi\u00ed pracovala na v\u00fdznamn\u00fdch stavb\u00e1ch energetick\u00fdch za\u0159\u00edzen\u00ed, oprav\u00e1ch a reviz\u00edch na elektr\u00e1rn\u00e1ch v \u010cR i v zahrani\u010d\u00ed.<\/p>\n<p>&nbsp;<\/p>\n<p>&nbsp;<\/p>\n","protected":false},"excerpt":{"rendered":"<p>&#8222;Pr\u00e1ce na gener\u00e1torech je n\u011bco mezi v\u011bdou a um\u011bn\u00edm.&#8220; &#8211; Pavel Nov\u00e1k V sou\u010dasn\u00e9 dob\u011b hled\u00e1me do na\u0161eho t\u00fdmu kolegu\/kolegyni<\/p>\n","protected":false},"author":2,"featured_media":0,"parent":0,"menu_order":0,"comment_status":"closed","ping_status":"closed","template":"full-width.php","meta":{"_acf_changed":false,"footnotes":""},"class_list":["post-2632","page","type-page","status-publish","hentry"],"acf":[],"_links":{"self":[{"href":"https:\/\/web-app.servisenergo.cz\/index.php?rest_route=\/wp\/v2\/pages\/2632","targetHints":{"allow":["GET"]}}],"collection":[{"href":"https:\/\/web-app.servisenergo.cz\/index.php?rest_route=\/wp\/v2\/pages"}],"about":[{"href":"https:\/\/web-app.servisenergo.cz\/index.php?rest_route=\/wp\/v2\/types\/page"}],"author":[{"embeddable":true,"href":"https:\/\/web-app.servisenergo.cz\/index.php?rest_route=\/wp\/v2\/users\/2"}],"replies":[{"embeddable":true,"href":"https:\/\/web-app.servisenergo.cz\/index.php?rest_route=%2Fwp%2Fv2%2Fcomments&post=2632"}],"version-history":[{"count":8,"href":"https:\/\/web-app.servisenergo.cz\/index.php?rest_route=\/wp\/v2\/pages\/2632\/revisions"}],"predecessor-version":[{"id":2862,"href":"https:\/\/web-app.servisenergo.cz\/index.php?rest_route=\/wp\/v2\/pages\/2632\/revisions\/2862"}],"wp:attachment":[{"href":"https:\/\/web-app.servisenergo.cz\/index.php?rest_route=%2Fwp%2Fv2%2Fmedia&parent=2632"}],"curies":[{"name":"wp","href":"https:\/\/api.w.org\/{rel}","templated":true}]}}