{"id":2630,"date":"2023-10-11T14:36:33","date_gmt":"2023-10-11T14:36:33","guid":{"rendered":"https:\/\/web-app.servisenergo.cz\/?page_id=2630"},"modified":"2024-12-02T09:55:00","modified_gmt":"2024-12-02T09:55:00","slug":"jakost-certifikace","status":"publish","type":"page","link":"https:\/\/web-app.servisenergo.cz\/?page_id=2630","title":{"rendered":"Jakost, certifikace"},"content":{"rendered":"<p>Spole\u010dnost p\u016fsob\u00ed v oblasti n\u00e1vrhu, v\u00fdroby, oprav, \u00fadr\u017eby a uv\u00e1d\u011bn\u00ed do provozu turbogener\u00e1tor\u016f a hydrogener\u00e1tor\u016f pro tepeln\u00e9, jadern\u00e9 a vodn\u00ed elektr\u00e1rny, motor\u016f velk\u00fdch v\u00fdkon\u016f a souvisej\u00edc\u00edch za\u0159\u00edzen\u00ed. Veden\u00ed spole\u010dnosti chce vytv\u00e1\u0159et modern\u00ed organizaci se stabiln\u00edm postaven\u00edm na tuzemsk\u00e9m i zahrani\u010dn\u00edm trhu v oblasti dod\u00e1vek a slu\u017eeb pro energetiku. Filozofie spole\u010dnosti je zalo\u017eena na profesion\u00e1ln\u00edm p\u0159\u00edstupu, kr\u00e1tk\u00fdch dodac\u00edch lh\u016ft\u00e1ch, zvy\u0161ov\u00e1n\u00ed spolehlivosti za\u0159\u00edzen\u00ed pou\u017eit\u00edm nov\u00fdch technologi\u00ed a materi\u00e1l\u016f, kter\u00e9 jsou spolehliv\u011bj\u0161\u00ed, bezpe\u010dn\u011bj\u0161\u00ed a \u0161etrn\u011bj\u0161\u00ed k \u017eivotn\u00edmu prost\u0159ed\u00ed.<br \/>\nV cel\u00e9 spole\u010dnosti je uplat\u0148ov\u00e1n a udr\u017eov\u00e1n integrovan\u00fd syst\u00e9m \u0159\u00edzen\u00ed (IMS), kter\u00fd spl\u0148uje po\u017eadavky syst\u00e9mov\u00fdch norem pro oblast kvality, \u017eivotn\u00edho prost\u0159ed\u00ed a BOZP. Tato politika je vyhl\u00e1\u0161ena veden\u00edm spole\u010dnosti v souladu se strategi\u00ed a filozofi\u00ed spole\u010dnosti. Napl\u0148ov\u00e1n\u00ed t\u00e9to politiky je povinnost\u00ed veden\u00ed spole\u010dnosti, v\u0161ech ostatn\u00edch zam\u011bstnanc\u016f spole\u010dnosti i spolupracuj\u00edc\u00edch osob. Politika IMS vych\u00e1z\u00ed z t\u011bchto z\u00e1sad a stanov\u00ed n\u00e1sleduj\u00edc\u00ed c\u00edle syst\u00e9mu \u0159\u00edzen\u00ed:<\/p>\n<ul>\n<li>Spole\u010dnost se chce postavit na \u00farove\u0148 \u0161pi\u010dkov\u00fdch odborn\u00fdch firem nejenom v tuzemsku a ve Slovensk\u00e9 republice, ale i v Evrop\u011b a dal\u0161\u00edch teritori\u00edch. Naprost\u00e9 uspokojen\u00ed po\u017eadavk\u016f, pot\u0159eb a o\u010dek\u00e1v\u00e1n\u00ed z\u00e1kazn\u00edk\u016f pova\u017eujeme za absolutn\u00ed prioritu, kter\u00e9 chceme doc\u00edlit poskytov\u00e1n\u00edm kvalitn\u00edch slu\u017eeb a jejich neust\u00e1l\u00fdm zlep\u0161ov\u00e1n\u00edm.<\/li>\n<li>Spole\u010dnost usiluje o to, aby jej\u00ed obchodn\u011b podnikatelsk\u00e9 aktivity a strategick\u00e9 z\u00e1m\u011bry m\u011bly v\u017edy na z\u0159eteli vedle zvy\u0161ov\u00e1n\u00ed kvality proveden\u00fdch slu\u017eeb tak\u00e9 vysokou \u00farove\u0148 kultury bezpe\u010dnosti a prevenci zne\u010di\u0161\u0165ov\u00e1n\u00ed \u017eivotn\u00edho prost\u0159ed\u00ed. Kultura bezpe\u010dnosti, bezpe\u010dnost a ochrana zdrav\u00ed p\u0159i pr\u00e1ci, prevence vzniku \u00faraz\u016f a po\u0161kozov\u00e1n\u00ed zdrav\u00ed, vytv\u00e1\u0159en\u00ed bezpe\u010dn\u00fdch, zdrav\u00ed neohro\u017euj\u00edc\u00edch podm\u00ednek, odstra\u0148ov\u00e1n\u00ed nebezpe\u010d\u00ed a sni\u017eov\u00e1n\u00ed rizik BOZP a projedn\u00e1v\u00e1n\u00ed a spolu\u00fa\u010dast pracovn\u00edk\u016f pat\u0159\u00ed rovn\u011b\u017e k v\u00fdznamn\u00fdm prioritn\u00edm \u00fakol\u016fm spole\u010dnosti.<\/li>\n<li>Samoz\u0159ejmost\u00ed je dodr\u017eov\u00e1n\u00ed pr\u00e1vn\u00edch a jin\u00fdch po\u017eadavk\u016f ve v\u0161ech oblastech integrovan\u00e9ho syst\u00e9mu \u0159\u00edzen\u00ed veden\u00edm, zam\u011bstnanci spole\u010dnosti i spolupracuj\u00edc\u00edmi osobami. Spole\u010dnost se zavazuje plnit i po\u017eadavky jednotliv\u00fdch partner\u016f ve v\u0161ech oblastech IMS nad r\u00e1mec obecn\u011b z\u00e1vazn\u00fdch pr\u00e1vn\u00edch po\u017eadavk\u016f.<\/li>\n<li>Jedn\u00edm z prost\u0159edk\u016f ke zvy\u0161ov\u00e1n\u00ed \u00farovn\u011b poskytovan\u00fdch slu\u017eeb je kvalifikovan\u00fd v\u00fdb\u011br dodavatel\u016f, kte\u0159\u00ed jsou schopni plnit po\u017eadavky spole\u010dnosti, jej\u00edch z\u00e1kazn\u00edk\u016f, ve\u0161ker\u00fdch z\u00e1vazn\u00fdch povinnost\u00ed a p\u0159\u00edslu\u0161n\u00fdch po\u017eadavk\u016f. Od dodavatel\u016f a obchodn\u00edch partner\u016f spole\u010dnost vy\u017eaduje zodpov\u011bdn\u00fd p\u0159\u00edstup k \u017eivotn\u00edmu prost\u0159ed\u00ed, bezpe\u010dnosti a ochran\u011b zdrav\u00ed.<\/li>\n<li>Spole\u010dnost vyu\u017e\u00edv\u00e1 p\u0159ednostn\u011b postupy \u0161etrn\u00e9 k \u017eivotn\u00edmu prost\u0159ed\u00ed \u2013 doporu\u010duje tyto environment\u00e1ln\u011b \u0161etrn\u00e9 postupy sv\u00fdm z\u00e1kazn\u00edk\u016fm a vy\u017eaduje je i od sv\u00fdch dodavatel\u016f.<\/li>\n<li>Veden\u00ed spole\u010dnosti prosazuje rozv\u00edjen\u00ed firemn\u00ed kultury, kultury bezpe\u010dnosti, zvy\u0161ov\u00e1n\u00ed \u00farovn\u011b vzd\u011bl\u00e1v\u00e1n\u00ed zam\u011bstnanc\u016f v oboru jejich \u010dinnosti a zvy\u0161ov\u00e1n\u00ed jejich motivace s c\u00edlem dos\u00e1hnout vy\u0161\u0161\u00ed kvality pr\u00e1ce, profesion\u00e1ln\u00ed \u00farovn\u011b znalost\u00ed a dovednost\u00ed, v\u010detn\u011b zv\u00fd\u0161en\u00ed v\u011bdom\u00ed o cel\u00e9m integrovan\u00e9m syst\u00e9mu \u0159\u00edzen\u00ed spole\u010dnosti, o dopadech \u010dinnosti spole\u010dnosti na \u017eivotn\u00ed prost\u0159ed\u00ed, o principech kultury bezpe\u010dnosti, o ochran\u011b zdrav\u00ed p\u0159i pr\u00e1ci a o nutn\u00e9 i vhodn\u00e9 prevenci.<\/li>\n<li>Veden\u00ed spole\u010dnosti se zavazuje aktivn\u011b podporovat zav\u00e1d\u011bn\u00ed nov\u00fdch technologi\u00ed, kter\u00e9 budou p\u0159\u00ednosem pro z\u00e1kazn\u00edky i vlastn\u00ed spole\u010dnost.<\/li>\n<li>Pravideln\u00fdm p\u0159ezkoum\u00e1v\u00e1n\u00edm IMS, zvy\u0161ov\u00e1n\u00edm efektivnosti \u0159\u00edzen\u00ed a st\u00e1l\u00fdm zlep\u0161ov\u00e1n\u00edm v\u00fdkonnosti zaveden\u00e9ho IMS zaji\u0161\u0165uje veden\u00ed spole\u010dnosti neust\u00e1l\u00e9 zvy\u0161ov\u00e1n\u00ed kvality poskytovan\u00fdch produkt\u016f a slu\u017eeb, prevenci zne\u010di\u0161\u0165ov\u00e1n\u00ed \u017eivotn\u00edho prost\u0159en\u00ed a zvy\u0161ov\u00e1n\u00ed kultury bezpe\u010dnosti a standard\u016f v r\u00e1mci BOZP, zejm\u00e9na p\u0159edch\u00e1zen\u00ed vzniku \u00faraz\u016f a po\u0161kozov\u00e1n\u00ed zdrav\u00ed.<\/li>\n<li>\u010cinnosti souvisej\u00edc\u00ed s atomov\u00fdm z\u00e1konem jsou ned\u00edlnou sou\u010d\u00e1st\u00ed syst\u00e9mu \u0159\u00edzen\u00ed, jsou vyu\u017e\u00edv\u00e1ny \u010dinnosti a procesy ve v\u00fdsledku zlep\u0161uj\u00edc\u00ed oblasti jadern\u00e9 bezpe\u010dnosti, radia\u010dn\u00ed ochrany, technick\u00e9 bezpe\u010dnosti a kultury bezpe\u010dnosti. Tyto oblasti jsou pravideln\u011b vyhodnocov\u00e1ny.<\/li>\n<\/ul>\n<h2>VEDEN\u00cd SPOLE\u010cNOSTI SE NA PODPORU T\u00c9TO POLITIKY D\u00c1LE ZAVAZUJE:<\/h2>\n<ul>\n<li>Pravideln\u011b vyhla\u0161ovat C\u00edle kvality, Environment\u00e1ln\u00ed c\u00edle a C\u00edle BOZP.<\/li>\n<li>Vytv\u00e1\u0159et podm\u00ednky k pln\u011bn\u00ed jednotliv\u00fdch C\u00edl\u016f, pl\u00e1novat pot\u0159ebn\u00e9 zdroje k jejich napln\u011bn\u00ed.<\/li>\n<li>Pr\u016fb\u011b\u017en\u011b kontrolovat a minim\u00e1ln\u011b 1x ro\u010dn\u011b vyhodnocovat pln\u011bn\u00ed vyhl\u00e1\u0161en\u00fdch C\u00edl\u016f.<\/li>\n<li>Nejm\u00e9n\u011b 1x ro\u010dn\u011b p\u0159ezkoum\u00e1vat a hodnotit cel\u00fd Integrovan\u00fd syst\u00e9m \u0159\u00edzen\u00ed v\u010detn\u011b oblasti spadaj\u00edc\u00ed pod atomov\u00fd z\u00e1kon.<\/li>\n<li>Vytvo\u0159it syst\u00e9m motivace v\u0161ech spolupracovn\u00edk\u016f ke zvy\u0161ov\u00e1n\u00ed kvality pr\u00e1ce, sni\u017eov\u00e1n\u00ed negativn\u00edch dopad\u016f na \u017eivotn\u00ed prost\u0159ed\u00ed, zvy\u0161ov\u00e1n\u00ed kultury bezpe\u010dnosti a trvale v\u0161echny aktivity v tomto sm\u011bru podporovat.<\/li>\n<li>Zajistit bezpe\u010dn\u00e9 a zdrav\u00e9 pracovn\u00ed podm\u00ednky, prevenci vzniku pracovn\u00edch \u00faraz\u016f a po\u0161kozov\u00e1n\u00ed zdrav\u00ed.<\/li>\n<li>Vytv\u00e1\u0159et podm\u00ednky pro projedn\u00e1v\u00e1n\u00ed a spolu\u00fa\u010dast pracovn\u00edk\u016f.<\/li>\n<li>Trvale aplikovat principy kultury bezpe\u010dnosti a vy\u017eadovat jejich napl\u0148ov\u00e1n\u00ed.<\/li>\n<li>Chr\u00e1nit \u017eivotn\u00ed prost\u0159ed\u00ed s d\u016frazem na prevenci zne\u010di\u0161\u0165ov\u00e1n\u00ed.<\/li>\n<li>Plnit p\u0159\u00edslu\u0161n\u00e9 po\u017eadavky a z\u00e1vazn\u00e9 povinnosti.<\/li>\n<li>Neust\u00e1le zlep\u0161ovat integrovan\u00fd syst\u00e9m a dodr\u017eovat v\u00fd\u0161e uveden\u00e9 z\u00e1sady.<\/li>\n<\/ul>\n<h2>PRO REALIZACI Z\u00c1SAD INTEGROVAN\u00c9 POLITIKY VEDEN\u00cd OD V\u0160ECH SV\u00ddCH SPOLUPRACOVN\u00cdK\u016e O\u010cEK\u00c1V\u00c1:<\/h2>\n<ul>\n<li>Vst\u0159\u00edcn\u00e9 chov\u00e1n\u00ed a jedn\u00e1n\u00ed s dodavateli, z\u00e1kazn\u00edky i mezi sebou navz\u00e1jem.<\/li>\n<li>Trval\u00e9 dodr\u017eov\u00e1n\u00ed povinnost\u00ed vypl\u00fdvaj\u00edc\u00ed z Integrovan\u00e9ho syst\u00e9mu \u0159\u00edzen\u00ed a hled\u00e1n\u00ed mo\u017enost\u00ed k neust\u00e1l\u00e9mu zlep\u0161ov\u00e1n\u00ed kvality produkt\u016f, k prevenci zne\u010di\u0161\u0165ov\u00e1n\u00ed \u017eivotn\u00edho prost\u0159ed\u00ed a k prevenci vzniku \u00faraz\u016f a po\u0161kozov\u00e1n\u00ed zdrav\u00ed p\u0159i pr\u00e1ci.<\/li>\n<li>Dodr\u017eov\u00e1n\u00ed v\u0161ech platn\u00fdch pr\u00e1vn\u00edch po\u017eadavk\u016f v\u010detn\u011b oblasti atomov\u00e9ho z\u00e1kona a pln\u011bn\u00ed i jin\u00fdch po\u017eadavk\u016f, vypl\u00fdvaj\u00edc\u00edch ze z\u00e1kon\u016f, vyhl\u00e1\u0161ek, na\u0159\u00edzen\u00ed, norem i p\u0159edpis\u016f m\u00edstn\u00ed samospr\u00e1vy, ze smluvn\u00edho vztahu se z\u00e1kazn\u00edkem apod.<\/li>\n<li>P\u0159ijet\u00ed osobn\u00ed odpov\u011bdnosti za BOZP, za propagaci a odpov\u00eddaj\u00edc\u00ed postoje k BOZP, za aplikaci atmosf\u00e9ry vz\u00e1jemn\u00e9 d\u016fv\u011bry a za trval\u00e9 ov\u011b\u0159ov\u00e1n\u00ed \u00farovn\u011b BOZP.<\/li>\n<li>Vysokou odpov\u011bdnost za kvalitu sv\u00e9 pr\u00e1ce a pr\u016fb\u011b\u017enou kontrolu sv\u00e9 pr\u00e1ce.<\/li>\n<li>Aktivn\u00ed p\u0159\u00edstup k r\u016fstu sv\u00e9 profesn\u00ed kvalifikace.<\/li>\n<\/ul>\n<p><b>PROTIKORUP\u010cN\u00cd A ETICK\u00dd KODEX SPOLE\u010cNOSTI:\u00a0<\/b><\/p>\n","protected":false},"excerpt":{"rendered":"<p>Spole\u010dnost p\u016fsob\u00ed v oblasti n\u00e1vrhu, v\u00fdroby, oprav, \u00fadr\u017eby a uv\u00e1d\u011bn\u00ed do provozu turbogener\u00e1tor\u016f a hydrogener\u00e1tor\u016f pro tepeln\u00e9, jadern\u00e9 a vodn\u00ed<\/p>\n","protected":false},"author":2,"featured_media":0,"parent":0,"menu_order":0,"comment_status":"closed","ping_status":"closed","template":"full-width.php","meta":{"_acf_changed":false,"footnotes":""},"class_list":["post-2630","page","type-page","status-publish","hentry"],"acf":[],"_links":{"self":[{"href":"https:\/\/web-app.servisenergo.cz\/index.php?rest_route=\/wp\/v2\/pages\/2630","targetHints":{"allow":["GET"]}}],"collection":[{"href":"https:\/\/web-app.servisenergo.cz\/index.php?rest_route=\/wp\/v2\/pages"}],"about":[{"href":"https:\/\/web-app.servisenergo.cz\/index.php?rest_route=\/wp\/v2\/types\/page"}],"author":[{"embeddable":true,"href":"https:\/\/web-app.servisenergo.cz\/index.php?rest_route=\/wp\/v2\/users\/2"}],"replies":[{"embeddable":true,"href":"https:\/\/web-app.servisenergo.cz\/index.php?rest_route=%2Fwp%2Fv2%2Fcomments&post=2630"}],"version-history":[{"count":7,"href":"https:\/\/web-app.servisenergo.cz\/index.php?rest_route=\/wp\/v2\/pages\/2630\/revisions"}],"predecessor-version":[{"id":2814,"href":"https:\/\/web-app.servisenergo.cz\/index.php?rest_route=\/wp\/v2\/pages\/2630\/revisions\/2814"}],"wp:attachment":[{"href":"https:\/\/web-app.servisenergo.cz\/index.php?rest_route=%2Fwp%2Fv2%2Fmedia&parent=2630"}],"curies":[{"name":"wp","href":"https:\/\/api.w.org\/{rel}","templated":true}]}}