{"id":2534,"date":"2023-03-30T18:01:54","date_gmt":"2023-03-30T18:01:54","guid":{"rendered":"https:\/\/web-app.servisenergo.cz\/?page_id=2534"},"modified":"2025-02-06T12:33:56","modified_gmt":"2025-02-06T12:33:56","slug":"kontakty","status":"publish","type":"page","link":"https:\/\/web-app.servisenergo.cz\/?page_id=2534","title":{"rendered":"Kontakty"},"content":{"rendered":"<p><img loading=\"lazy\" decoding=\"async\" class=\"size-medium wp-image-2858 alignright\" src=\"https:\/\/web-app.servisenergo.cz\/wp-content\/uploads\/2025\/02\/FDP_8334-300x200.jpg\" alt=\"\" width=\"300\" height=\"200\" srcset=\"https:\/\/web-app.servisenergo.cz\/wp-content\/uploads\/2025\/02\/FDP_8334-300x200.jpg 300w, https:\/\/web-app.servisenergo.cz\/wp-content\/uploads\/2025\/02\/FDP_8334-1024x684.jpg 1024w, https:\/\/web-app.servisenergo.cz\/wp-content\/uploads\/2025\/02\/FDP_8334-768x513.jpg 768w, https:\/\/web-app.servisenergo.cz\/wp-content\/uploads\/2025\/02\/FDP_8334-1536x1025.jpg 1536w, https:\/\/web-app.servisenergo.cz\/wp-content\/uploads\/2025\/02\/FDP_8334-2048x1367.jpg 2048w\" sizes=\"auto, (max-width: 300px) 100vw, 300px\" \/><\/p>\n<h2>S\u00eddlo a faktura\u010dn\u00ed \u00fadaje<\/h2>\n<p><strong>1.SERVIS-ENERGO, s.r.o.<br \/>\n<\/strong>Tylova 57a, budova \u010d.13<br \/>\n301 00 Plze\u0148<br \/>\n\u010cesk\u00e1 republika<\/p>\n<p><strong>I\u010cO:<\/strong> 497 86 393<br \/>\n<strong>DI\u010c:<\/strong> CZ497 86 393<\/p>\n<p>Spole\u010dnost je zaps\u00e1na v obchodn\u00edm rejst\u0159\u00edku veden\u00e9m Krajsk\u00fdm soudem v Plzni odd\u00edl C, vlo\u017eka 4485<\/p>\n<p>&nbsp;<\/p>\n<h3>Bankovn\u00ed spojen\u00ed:<\/h3>\n<p>\u010cSOB:<br \/>\nB\u011b\u017en\u00fd \u00fa\u010det v\u00a0CZK <strong>151397877\/0300<\/strong> (IBAN: CZ38 0300 0000 0001 5139 7877, BIC\/SWIFT: CEKOCZPP)<br \/>\nB\u011b\u017en\u00fd \u00fa\u010det v\u00a0EUR <strong>198109174\/0300<\/strong> (IBAN: CZ77 0300 0000 0001 9810 9174, BIC\/SWIFT: CEKOCZPP)<\/p>\n<p>&nbsp;<\/p>\n<h3>Kontakty:<\/h3>\n<p>Sekretari\u00e1t<\/p>\n<p>C\u00edslerov\u00e1 V\u011bra\u00a0 379856856<br \/>\n<a href=\"mailto:vcislerova@servisenergo.cz\">vcislerova@servisenergo.cz<\/a><\/p>\n<p>Technick\u00fd \u0159editel<\/p>\n<p>Ing. Petr Nov\u00e1k 379856858<br \/>\n<a href=\"mailto:petrnovak@servisenergo.cz\">petrnovak@servisenergo.cz<\/a><\/p>\n<p>Ekonomick\u00fd \u00fasek<\/p>\n<p>Ing. Lenka V\u00e1vrov\u00e1 379856868<br \/>\n<a href=\"mailto:lvavrova@servisenergo.cz\">lvavrova@servisenergo.cz<\/a><\/p>\n<p>Bc. Ren\u00e1ta Chou\u0148ov\u00e1 379856866<\/p>\n<p><a href=\"mailto:rchounova@servisenergo.cz\">rchounova@servisenergo.cz<\/a><\/p>\n<p>Technick\u00fd \u00fasek<\/p>\n<p>Ing. Zden\u011bk K\u0159elovec 379856886<br \/>\n<a href=\"mailto:zkrelovec@servisenergo.cz\">zkrelovec@servisenergo.cz<\/a><\/p>\n<p>\u0160mrha David 379856885<br \/>\n<a href=\"mailto:dsmrha@servisenergo.cz\">dsmrha@servisenergo.cz<\/a><\/p>\n<p>Ul\u010d Karel 379856861<br \/>\n<a href=\"mailto:kulc@servisenergo.cz\">kulc@servisenergo.cz<\/a><\/p>\n<p>Ing. Vratislav Turek 379856875<br \/>\n<a href=\"mailto:vturek@servisenergo.cz\">vturek@servisenergo.cz<\/a><\/p>\n<p>Ing. L\u00e1badi Ji\u0159\u00ed 379856879<br \/>\n<a href=\"mailto:jlabadi@servisenergo.cz\">jlabadi@servisenergo.cz<\/a><\/p>\n<p>Pavel Vot\u00edpka 379856862<br \/>\n<a href=\"mailto:pvotipka@servisenergo.cz\">pvotipka@servisenergo.cz<\/a><\/p>\n<p>Josef Kadlec 379856881<br \/>\n<a href=\"mailto:jkadlec@servisenergo.cz\">jkadlec@servisenergo.cz<\/a><\/p>\n<p>Ing. Jana Mart\u00ednkov\u00e1 379856869<br \/>\n<a href=\"mailto:jmartinkova@servisenergo.cz\">jmartinkova@servisenergo.cz<\/a><\/p>\n<p>&nbsp;<\/p>\n<h3>Kde n\u00e1s najdete:<\/h3>\n<p>GPS sou\u0159adnice: N 49\u00b044&#8217;38&#8220;, E 13\u00ba21&#8217;36&#8220;<img loading=\"lazy\" decoding=\"async\" class=\" wp-image-2857 alignright\" src=\"https:\/\/web-app.servisenergo.cz\/wp-content\/uploads\/2025\/02\/Orientacni-mapa-1.SE_-300x124.png\" alt=\"\" width=\"629\" height=\"260\" srcset=\"https:\/\/web-app.servisenergo.cz\/wp-content\/uploads\/2025\/02\/Orientacni-mapa-1.SE_-300x124.png 300w, https:\/\/web-app.servisenergo.cz\/wp-content\/uploads\/2025\/02\/Orientacni-mapa-1.SE_-1024x424.png 1024w, https:\/\/web-app.servisenergo.cz\/wp-content\/uploads\/2025\/02\/Orientacni-mapa-1.SE_-768x318.png 768w, https:\/\/web-app.servisenergo.cz\/wp-content\/uploads\/2025\/02\/Orientacni-mapa-1.SE_-1536x636.png 1536w, https:\/\/web-app.servisenergo.cz\/wp-content\/uploads\/2025\/02\/Orientacni-mapa-1.SE_.png 1897w\" sizes=\"auto, (max-width: 629px) 100vw, 629px\" \/><br \/>\nVyhledat adresu na serveru\u00a0<a href=\"https:\/\/mapy.cz\/zakladni?x=13.3600500&amp;y=49.7439005&amp;z=17&amp;source=coor&amp;id=13.36005%2C49.7438589\" target=\"_blank\" rel=\"noopener\">mapy.cz<\/a><\/p>\n<p>Orienta\u010dn\u00ed pl\u00e1n are\u00e1lu Tylova 57a:<\/p>\n<p><strong>1.br\u00e1na<\/strong><br \/>\nPo-Ne, sv\u00e1tky 5:00 a\u017e 23:00<br \/>\nkr\u00e1tkodob\u00e9 povolen\u00ed vstup\u016f<br \/>\np\u011b\u0161\u00ed, osobn\u00ed vozidla, z\u00e1kaz vjezdu vozidel nad 3,5 t<\/p>\n<p><strong>3.br\u00e1na<\/strong><br \/>\nPo-P\u00e1, 5:00 a\u017e 16:00<br \/>\nv\u00edkendy a sv\u00e1tky zav\u0159eno<br \/>\nkr\u00e1tkodob\u00e9 povolen\u00ed vstup\u016f<br \/>\np\u011b\u0161\u00ed, osobn\u00ed vozidla<\/p>\n<p><strong>4.br\u00e1na (bez obsluhy)<\/strong><br \/>\njen pro dr\u017eitele dlouhodob\u00fdch vstup\u016f<br \/>\nPo-Ne, sv\u00e1tky 5:00-19:00,<br \/>\np\u011b\u0161\u00ed, osobn\u00ed a n\u00e1kladn\u00ed vozidla<\/p>\n<p><strong>5.br\u00e1na<\/strong><br \/>\nPo-So 5:00 a\u017e 22:30<br \/>\nNe, sv\u00e1tky 5:30 a\u017e 22:30<br \/>\nkr\u00e1tkodob\u00e9 povolen\u00ed vstup\u016f<br \/>\np\u011b\u0161\u00ed, osobn\u00ed vozidla, z\u00e1kaz vjezdu vozidel nad 3,5 t<\/p>\n<p><strong>7.br\u00e1na (bez obsluhy)<\/strong><br \/>\njen pro dr\u017eitele dlouhodob\u00fdch vstup\u016f<br \/>\nPo-Ne, sv\u00e1tky\u00a0 nonstop<br \/>\npouze pro p\u011b\u0161\u00ed<\/p>\n<p><strong>8.br\u00e1na<\/strong><br \/>\nPo-Ne, sv\u00e1tky\u00a0 nonstop<br \/>\nkr\u00e1tkodob\u00e9 povolen\u00ed vstup\u016f, dispe\u010dink<br \/>\np\u011b\u0161\u00ed, osobn\u00ed i n\u00e1kladn\u00ed vozidla nad 3,5 t<\/p>\n<p>&nbsp;<\/p>\n<p>&nbsp;<\/p>\n<p>&nbsp;<\/p>\n<p>&nbsp;<\/p>\n<p>&nbsp;<\/p>\n","protected":false},"excerpt":{"rendered":"<p>S\u00eddlo a faktura\u010dn\u00ed \u00fadaje 1.SERVIS-ENERGO, s.r.o. Tylova 57a, budova \u010d.13 301 00 Plze\u0148 \u010cesk\u00e1 republika I\u010cO: 497 86 393 DI\u010c:<\/p>\n","protected":false},"author":1,"featured_media":0,"parent":0,"menu_order":0,"comment_status":"closed","ping_status":"closed","template":"full-width.php","meta":{"_acf_changed":false,"footnotes":""},"class_list":["post-2534","page","type-page","status-publish","hentry"],"acf":[],"_links":{"self":[{"href":"https:\/\/web-app.servisenergo.cz\/index.php?rest_route=\/wp\/v2\/pages\/2534","targetHints":{"allow":["GET"]}}],"collection":[{"href":"https:\/\/web-app.servisenergo.cz\/index.php?rest_route=\/wp\/v2\/pages"}],"about":[{"href":"https:\/\/web-app.servisenergo.cz\/index.php?rest_route=\/wp\/v2\/types\/page"}],"author":[{"embeddable":true,"href":"https:\/\/web-app.servisenergo.cz\/index.php?rest_route=\/wp\/v2\/users\/1"}],"replies":[{"embeddable":true,"href":"https:\/\/web-app.servisenergo.cz\/index.php?rest_route=%2Fwp%2Fv2%2Fcomments&post=2534"}],"version-history":[{"count":16,"href":"https:\/\/web-app.servisenergo.cz\/index.php?rest_route=\/wp\/v2\/pages\/2534\/revisions"}],"predecessor-version":[{"id":2861,"href":"https:\/\/web-app.servisenergo.cz\/index.php?rest_route=\/wp\/v2\/pages\/2534\/revisions\/2861"}],"wp:attachment":[{"href":"https:\/\/web-app.servisenergo.cz\/index.php?rest_route=%2Fwp%2Fv2%2Fmedia&parent=2534"}],"curies":[{"name":"wp","href":"https:\/\/api.w.org\/{rel}","templated":true}]}}