{"id":25,"date":"2023-03-28T12:15:39","date_gmt":"2021-03-09T09:03:37","guid":{"rendered":"https:\/\/web-app.servisenergo.cz\/about-us\/"},"modified":"2024-06-03T14:03:35","modified_gmt":"2024-06-03T14:03:35","slug":"about-us","status":"publish","type":"page","link":"https:\/\/web-app.servisenergo.cz\/?page_id=25","title":{"rendered":"\u00davod"},"content":{"rendered":"\r\n<h2>\u00a0<\/h2>\r\n<p>Spole\u010dnost 1.SERVIS-ENERGO, s.r.o. vznik\u00e1 v roce 1994 se zam\u011b\u0159en\u00edm na revize, diagnostiku a servis elektr\u00e1rensk\u00fdch za\u0159\u00edzen\u00ed. Od roku 2007 s\u00eddl\u00ed v prostor\u00e1ch prvn\u00ed elektr\u00e1rny podniku \u0160koda (EL\u00da I) v are\u00e1lu b\u00fdval\u00e9 \u0160kody Plze\u0148.<\/p>\r\n<p>Hlavn\u00edm zam\u011b\u0159en\u00edm je mont\u00e1\u017e, servis a modernizace gener\u00e1tor\u016f, opravy jejich \u010d\u00e1st\u00ed a dod\u00e1vka souvisej\u00edc\u00edch n\u00e1hradn\u00edch d\u00edl\u016f. Prov\u00e1d\u00edme opravy a revize gener\u00e1tor\u016f v\u0161ech v\u00fdkon\u016f a typ\u016f, v\u010detn\u011b jejich p\u0159\u00edslu\u0161enstv\u00ed, tj. olejov\u00e9ho, vodn\u00edho a vod\u00edkov\u00e9ho hospod\u00e1\u0159stv\u00ed. Na\u0161\u00ed specializac\u00ed jsou i opravy elektrick\u00e9 \u010d\u00e1sti. Jedn\u00e1 se p\u0159edev\u0161\u00edm\u00a0 o nav\u00edje\u010dsk\u00e9 pr\u00e1ce \u010di renovac\u00ed pr\u016fchodek. Dod\u00e1v\u00e1me ve\u0161ker\u00e9 n\u00e1hradn\u00ed d\u00edly &#8211; od t\u011bsn\u011bn\u00ed p\u0159es statorov\u00e9 kl\u00edny a podlo\u017eky, ucp\u00e1vkov\u00e9 krou\u017eky a\u017e po dod\u00e1vku nov\u00e9ho vinut\u00ed nebo cel\u00e9ho magnetick\u00e9ho obvodu.<br \/>Samoz\u0159ejmost\u00ed je konstruk\u010dn\u00ed a technologick\u00e1 p\u0159\u00edprava pro tyto v\u00fdrobky, diagnostika a poradenstv\u00ed v\u00a0oblasti vysokonap\u011b\u0165ov\u00fdch to\u010div\u00fdch stroj\u016f.<\/p>\r\n<p>Strategi\u00ed 1.SERVIS-ENERGO, s.r.o. je v\u011bnovat ve\u0161kerou energii a prost\u0159edky dal\u0161\u00edmu rozvoji oboru, v\u00fdchov\u011b nov\u00fdch pracovn\u00edk\u016f, zkvalit\u0148ov\u00e1n\u00ed kultury trhu a poskytovan\u00fdch odborn\u00fdch slu\u017eeb. Chceme b\u00fdt spolehliv\u00fdm partnerem a zaj\u00edmavou volbou pro v\u0161echny st\u00e1vaj\u00edc\u00ed i potencion\u00e1ln\u00ed z\u00e1kazn\u00edky. A to p\u0159edev\u0161\u00edm elektr\u00e1rensk\u00e9 a tepl\u00e1rensk\u00e9 spole\u010dnosti, ale i pro dodavatele technologi\u00ed a slu\u017eeb v energetice.\u00a0 Proto je \u00fakolem v\u0161ech pracovn\u00edk\u016f firmy udr\u017eet st\u00e1vaj\u00edc\u00ed postaven\u00ed v podm\u00ednk\u00e1ch rozv\u00edjej\u00edc\u00edho se trhu, st\u00e1l\u00e9 zlep\u0161ov\u00e1n\u00ed kvality a poskytov\u00e1n\u00ed profesion\u00e1ln\u00edch slu\u017eeb v t\u00e9to oblasti.<\/p>\r\n<p>Kontakt a dobr\u00e9 vztahy s lidmi jsou velice d\u016fle\u017eit\u00e9. Firma 1.SERVIS-ENERGO, s.r.o. se je sna\u017e\u00ed udr\u017eovat nejen doma, ale i ve sv\u011bt\u011b. Na mezilidsk\u00e9 vztahy klade d\u016fraz hlavn\u011b uvnit\u0159 firmy, nebo\u0165 p\u0159i realizaci zak\u00e1zek mimo \u010cR se pracovn\u00edci mus\u00ed vyrovnat nejen s klimatick\u00fdmi a geografick\u00fdmi podm\u00ednkami a m\u00edstn\u00ed zvyklostmi, ale musej\u00ed komunikovat, spolupracovat \u010di \u0159\u00eddit pracovn\u00edky r\u016fzn\u00fdch n\u00e1rodnost\u00ed, barvi pleti, vyzn\u00e1n\u00ed \u010di politick\u00e9 orientace.<\/p>\r\n<p><strong>\u00a0<\/strong><strong><em> \u00a0\u00a0\u00a0<\/em><\/strong><\/p>\r\n<p><strong>MOTTO zakladatele spole\u010dnosti:<\/strong><\/p>\r\n<p><strong><em> &#8222;P\u0159es v\u0161echny p\u0159\u00edko\u0159\u00ed a \u00fajmy, kter\u00e9 n\u011bkdy p\u0159in\u00e1\u0161\u00ed tato \u017eivotn\u00ed filozofie, jsem a budu st\u00e1le p\u0159esv\u011bd\u010den, \u017ee poctivost a slu\u0161nost je dobr\u00e1 akvizice, na kter\u00e9 je t\u0159eba stav\u011bt. Stoj\u00ed za to, i kdyby se vyplatila jen jednou za rok nebo za \u017eivot. V\u017edy a v\u0161ude je mo\u017en\u00e9 potkat slu\u0161n\u00e9ho \u010dlov\u011bka, a to i v podnik\u00e1n\u00ed. Proto je nutn\u00e9 se v r\u00e1mci mo\u017enost\u00ed chovat a konat tak, abychom si p\u0159i t\u00e9to p\u0159\u00edle\u017eitosti (potk\u00e1me-li slu\u0161n\u00e9ho \u010dlov\u011bka) nemuseli p\u0159estat v\u00e1\u017eit sami sebe. Proto chci budovat slu\u0161nou firmu.&#8220;\u00a0 \u00a0 \u00a0 \u00a0 \u00a0Pavel Nov\u00e1k\u00a0 \u00a0 \u00a0 \u00a0 \u00a0 \u00a0 \u00a0 \u00a0 \u00a0 \u00a0 \u00a0 \u00a0 \u00a0 \u00a0 \u00a0 \u00a0 \u00a0 \u00a0 \u00a0 \u00a0 \u00a0 \u00a0 \u00a0 \u00a0 \u00a0\u00a0<\/em><\/strong><\/p>\r\n<p><em>\u00a0\u00a0\u00a0\u00a0\u00a0\u00a0\u00a0\u00a0\u00a0\u00a0\u00a0\u00a0\u00a0\u00a0\u00a0\u00a0\u00a0\u00a0\u00a0\u00a0\u00a0\u00a0\u00a0\u00a0\u00a0\u00a0\u00a0\u00a0\u00a0\u00a0\u00a0\u00a0\u00a0\u00a0\u00a0\u00a0\u00a0\u00a0\u00a0\u00a0\u00a0\u00a0\u00a0\u00a0\u00a0\u00a0\u00a0\u00a0\u00a0\u00a0\u00a0\u00a0\u00a0\u00a0\u00a0\u00a0\u00a0\u00a0\u00a0\u00a0\u00a0\u00a0\u00a0\u00a0\u00a0\u00a0\u00a0\u00a0\u00a0\u00a0\u00a0\u00a0\u00a0\u00a0\u00a0\u00a0\u00a0\u00a0\u00a0\u00a0\u00a0\u00a0\u00a0\u00a0\u00a0\u00a0\u00a0\u00a0\u00a0\u00a0\u00a0\u00a0\u00a0\u00a0\u00a0\u00a0\u00a0 <\/em><\/p>\r\n<div class=\"wp-block-columns has-gray-background-color has-background\">\u00a0<\/div>\r\n<p>&nbsp;<\/p>\r\n","protected":false},"excerpt":{"rendered":"<p>\u00a0 Spole\u010dnost 1.SERVIS-ENERGO, s.r.o. vznik\u00e1 v roce 1994 se zam\u011b\u0159en\u00edm na revize, diagnostiku a servis elektr\u00e1rensk\u00fdch za\u0159\u00edzen\u00ed. Od roku 2007<\/p>\n","protected":false},"author":1,"featured_media":0,"parent":0,"menu_order":0,"comment_status":"closed","ping_status":"closed","template":"full-width.php","meta":{"_acf_changed":false,"footnotes":""},"class_list":["post-25","page","type-page","status-publish","hentry"],"acf":[],"_links":{"self":[{"href":"https:\/\/web-app.servisenergo.cz\/index.php?rest_route=\/wp\/v2\/pages\/25","targetHints":{"allow":["GET"]}}],"collection":[{"href":"https:\/\/web-app.servisenergo.cz\/index.php?rest_route=\/wp\/v2\/pages"}],"about":[{"href":"https:\/\/web-app.servisenergo.cz\/index.php?rest_route=\/wp\/v2\/types\/page"}],"author":[{"embeddable":true,"href":"https:\/\/web-app.servisenergo.cz\/index.php?rest_route=\/wp\/v2\/users\/1"}],"replies":[{"embeddable":true,"href":"https:\/\/web-app.servisenergo.cz\/index.php?rest_route=%2Fwp%2Fv2%2Fcomments&post=25"}],"version-history":[{"count":14,"href":"https:\/\/web-app.servisenergo.cz\/index.php?rest_route=\/wp\/v2\/pages\/25\/revisions"}],"predecessor-version":[{"id":2794,"href":"https:\/\/web-app.servisenergo.cz\/index.php?rest_route=\/wp\/v2\/pages\/25\/revisions\/2794"}],"wp:attachment":[{"href":"https:\/\/web-app.servisenergo.cz\/index.php?rest_route=%2Fwp%2Fv2%2Fmedia&parent=25"}],"curies":[{"name":"wp","href":"https:\/\/api.w.org\/{rel}","templated":true}]}}